{"id":26,"date":"2011-07-01T09:38:08","date_gmt":"2011-07-01T14:38:08","guid":{"rendered":"http:\/\/diego.bonifaz.ec\/?page_id=26"},"modified":"2011-07-01T17:12:21","modified_gmt":"2011-07-01T22:12:21","slug":"26-2","status":"publish","type":"page","link":"https:\/\/diego.bonifaz.ec\/?page_id=26","title":{"rendered":"Prensa"},"content":{"rendered":"<p>Aqu\u00ed podr\u00e1n encontrar todos los art\u00edculos y entrevistas que me han realizado:<\/p>\n<h2>Entrevista en RTU \u00a01 de Julio del 2011<\/h2>\n<p>El d\u00eda viernes 1 de julio Diego Bonifaz tuvo una entrevista en el canal de Televisi\u00f3n RTU<\/p>\n<p><object width=\"425\" height=\"349\"><param name=\"movie\" value=\"http:\/\/www.youtube.com\/v\/ZMtzTqZGOTk?version=3&amp;hl=en_US\" \/><param name=\"allowFullScreen\" value=\"true\" \/><param name=\"allowscriptaccess\" value=\"always\" \/><embed type=\"application\/x-shockwave-flash\" width=\"425\" height=\"349\" src=\"http:\/\/www.youtube.com\/v\/ZMtzTqZGOTk?version=3&amp;hl=en_US\" allowscriptaccess=\"always\" allowfullscreen=\"true\"><\/embed><\/object><\/p>\n<p>Le invitamos a leer los comentarios y comentar en el sitio de <a href=\"http:\/\/www.rtu.com.ec\/entrevistas\/22005-entrevista-diego-bonifaz\">RTU<\/a> y en el sitio de <a href=\"http:\/\/www.ecuadorenvivo.com\/2011070174653\/politica\/-yo_fui_victima_de_una_persecucion_de_politicos_corruptos_por_eso_renuncie-_dice_bonifaz_.html\">Ecuador en vivo<\/a>.<\/p>\n<h2>Entrevista en Gama TV 16 de Junio del 2011<\/h2>\n<p>El 16 de junio de 2011 luego de firmar su renuncia, Diego Bonifaz di\u00f3 una entrevista en GamaTV. \u00a0Le invitamos a <a href=\"http:\/\/www.ecuadorenvivo.com\/2011061673729\/politica\/bonifaz-_-yo_soy_el_primer_indignado_del_ecuador-_.html\">ver la entrevista, leer los comentarios y comentar en el sitio de Ecuador en Vivo<\/a>.<\/p>\n<p>Al d\u00eda siguiente la doctora Velasco dio su versi\u00f3n. Le invitamos a <a href=\"http:\/\/www.ecuadorenvivo.com\/2011061773813\/politica\/la_contraloria_no_persigue_a_los_ciudadanos_segun_velasco.html\">ver la entrevista, leer los comentarios y comentar en el sitio de Ecuador en Vivo.<\/a><\/p>\n<p>&nbsp;<\/p>\n","protected":false},"excerpt":{"rendered":"<p>Aqu\u00ed podr\u00e1n encontrar todos los art\u00edculos y entrevistas que me han realizado: Entrevista en RTU \u00a01 de Julio del 2011 El d\u00eda viernes 1 de julio Diego Bonifaz tuvo una entrevista en el canal de Televisi\u00f3n RTU Le invitamos a &hellip; <a href=\"https:\/\/diego.bonifaz.ec\/?page_id=26\">Sigue leyendo <span class=\"meta-nav\">&rarr;<\/span><\/a><\/p>\n","protected":false},"author":1,"featured_media":0,"parent":0,"menu_order":0,"comment_status":"open","ping_status":"open","template":"","meta":{"footnotes":""},"class_list":["post-26","page","type-page","status-publish","hentry"],"_links":{"self":[{"href":"https:\/\/diego.bonifaz.ec\/index.php?rest_route=\/wp\/v2\/pages\/26","targetHints":{"allow":["GET"]}}],"collection":[{"href":"https:\/\/diego.bonifaz.ec\/index.php?rest_route=\/wp\/v2\/pages"}],"about":[{"href":"https:\/\/diego.bonifaz.ec\/index.php?rest_route=\/wp\/v2\/types\/page"}],"author":[{"embeddable":true,"href":"https:\/\/diego.bonifaz.ec\/index.php?rest_route=\/wp\/v2\/users\/1"}],"replies":[{"embeddable":true,"href":"https:\/\/diego.bonifaz.ec\/index.php?rest_route=%2Fwp%2Fv2%2Fcomments&post=26"}],"version-history":[{"count":12,"href":"https:\/\/diego.bonifaz.ec\/index.php?rest_route=\/wp\/v2\/pages\/26\/revisions"}],"predecessor-version":[{"id":31,"href":"https:\/\/diego.bonifaz.ec\/index.php?rest_route=\/wp\/v2\/pages\/26\/revisions\/31"}],"wp:attachment":[{"href":"https:\/\/diego.bonifaz.ec\/index.php?rest_route=%2Fwp%2Fv2%2Fmedia&parent=26"}],"curies":[{"name":"wp","href":"https:\/\/api.w.org\/{rel}","templated":true}]}}